{"id":2936185,"date":"2024-02-09T19:38:58","date_gmt":"2024-02-09T18:38:58","guid":{"rendered":"https:\/\/www.aswakdrive.com\/hayriadrabat\/produit\/machine-a-cafe-multi-capsules-pecn-504-krohler\/"},"modified":"2026-04-09T07:31:09","modified_gmt":"2026-04-09T06:31:09","slug":"machine-a-cafe-multi-capsules-pecn-504-krohler","status":"publish","type":"product","link":"https:\/\/www.aswakdrive.com\/hayriadrabat\/produit\/machine-a-cafe-multi-capsules-pecn-504-krohler\/","title":{"rendered":"MACHINE A CAFE MULTI-CAPSULES PECN-504 KROHLER"},"content":{"rendered":"<p><strong>MACHINE A CAFE MULTI-CAPSULES PECN-504 KROHLER<\/strong><\/p>\n<ul>\n<li><strong>Marque<\/strong>: KROHLER<\/li>\n<li><strong>R\u00e9f\u00e9rence fournisseur<\/strong>: PECN-504<\/li>\n<li><strong>Puissance<\/strong>: 1450 W<\/li>\n<li><strong>Options de caf\u00e9 personnalis\u00e9es<\/strong>: Vous pouvez choisir entre un caf\u00e9 court ou long selon vos pr\u00e9f\u00e9rences.<\/li>\n<li><strong>Contr\u00f4le du temps de pr\u00e9paration<\/strong>: Vous pouvez r\u00e9gler le temps de pr\u00e9paration pour un caf\u00e9 sur mesure.<\/li>\n<li><strong>Entretien facile<\/strong>: Les pi\u00e8ces sont d\u00e9tachables pour un nettoyage simple et efficace.<\/li>\n<\/ul>\n<p><span style=\"color: #ffffff;font-size: 2px\">machine \u00e0 caf\u00e9 krohler est une machine multi-capsules, ce qui signifie qu\u2019elle peut utiliser diff\u00e9rents types de capsules de caf\u00e9. Cela vous donne la flexibilit\u00e9 de choisir parmi une vari\u00e9t\u00e9 de saveurs et de marques de caf\u00e9. De plus, gr\u00e2ce \u00e0 sa puissance \u00e9lev\u00e9e de 1450 W, vous pouvez pr\u00e9parer un caf\u00e9 rapide et d\u00e9licieux.machine \u00e0 caf\u00e9 krohlerest une machine multi-capsules, ce qui signifie qu\u2019elle peut utiliser diff\u00e9rents types de capsules de caf\u00e9. Cela vous donne la flexibilit\u00e9 de choisir parmi une vari\u00e9t\u00e9 de saveurs et de marques de caf\u00e9. De plus, gr\u00e2ce \u00e0 sa puissance \u00e9lev\u00e9e de 1450 W, vous pouvez pr\u00e9parer un caf\u00e9 rapide et d\u00e9licieux.<br \/>\nmachine \u00e0 caf\u00e9 krohler est une machine multi-capsules, ce qui signifie qu\u2019elle peut utiliser diff\u00e9rents types de capsules de caf\u00e9. Cela vous donne la flexibilit\u00e9 de choisir parmi une vari\u00e9t\u00e9 de saveurs et de marques de caf\u00e9. De plus, gr\u00e2ce \u00e0 sa puissance \u00e9lev\u00e9e de 1450 W, vous pouvez pr\u00e9parer un caf\u00e9 rapide et d\u00e9licieux.<br \/>\nmachine \u00e0 caf\u00e9 krohler est une machine multi-capsules, ce qui signifie qu\u2019elle peut utiliser diff\u00e9rents types de capsules de caf\u00e9. Cela vous donne la flexibilit\u00e9 de choisir parmi une vari\u00e9t\u00e9 de saveurs et de marques de caf\u00e9. De plus, gr\u00e2ce \u00e0 sa puissance \u00e9lev\u00e9e de 1450 W, vous pouvez pr\u00e9parer un caf\u00e9 rapide et d\u00e9licieux.<br \/>\nmachine \u00e0 caf\u00e9 krohler est une machine multi-capsules, ce qui signifie qu\u2019elle peut utiliser diff\u00e9rents types de capsules de caf\u00e9. Cela vous donne la flexibilit\u00e9 de choisir parmi une vari\u00e9t\u00e9 de saveurs et de marques de caf\u00e9. De plus, gr\u00e2ce \u00e0 sa puissance \u00e9lev\u00e9e de 1450 W, vous pouvez pr\u00e9parer un caf\u00e9 rapide et d\u00e9licieux.<\/span><\/p>\n","protected":false},"excerpt":{"rendered":"<p>Cette machine \u00e0 caf\u00e9 est une machine multi-capsules, ce qui signifie qu\u2019elle peut utiliser diff\u00e9rents types de capsules de caf\u00e9. Cela vous donne la flexibilit\u00e9 de choisir parmi une vari\u00e9t\u00e9 de saveurs et de marques de caf\u00e9.<\/p>\n","protected":false},"featured_media":4697599,"comment_status":"open","ping_status":"closed","template":"","meta":[],"product_brand":[],"product_cat":[24179,24180],"product_tag":[],"class_list":{"0":"post-2936185","1":"product","2":"type-product","3":"status-publish","4":"has-post-thumbnail","6":"product_cat-petit-electro","7":"product_cat-petit-dejeuner-petit-electro","8":"pa_ean1-31695","9":"pa_ean2-31696","11":"first","12":"instock","13":"taxable","14":"shipping-taxable","15":"purchasable","16":"product-type-simple"},"yoast_head":"<!-- This site is optimized with the Yoast SEO plugin v26.4 - https:\/\/yoast.com\/wordpress\/plugins\/seo\/ -->\n<title>Machine \u00e0 caf\u00e9 krohler multi-capsule - Aswak Drive<\/title>\n<meta name=\"description\" content=\"MACHINE A CAFE MULTI-CAPSULES PECN-504 KROHLER sur Aswak Drive, Faites vos achats en ligne et passez les r\u00e9cup\u00e9rer en moins d&#039;une heure\" \/>\n<meta name=\"robots\" content=\"index, follow, max-snippet:-1, max-image-preview:large, max-video-preview:-1\" \/>\n<link rel=\"canonical\" href=\"https:\/\/www.aswakdrive.com\/hayriadrabat\/produit\/machine-a-cafe-multi-capsules-pecn-504-krohler\/\" \/>\n<meta property=\"og:locale\" content=\"fr_FR\" \/>\n<meta property=\"og:type\" content=\"article\" \/>\n<meta property=\"og:title\" content=\"Machine \u00e0 caf\u00e9 krohler multi-capsule - Aswak Drive\" \/>\n<meta property=\"og:description\" content=\"MACHINE A CAFE MULTI-CAPSULES PECN-504 KROHLER sur Aswak Drive, Faites vos achats en ligne et passez les r\u00e9cup\u00e9rer en moins d&#039;une heure\" \/>\n<meta property=\"og:url\" content=\"https:\/\/www.aswakdrive.com\/hayriadrabat\/produit\/machine-a-cafe-multi-capsules-pecn-504-krohler\/\" \/>\n<meta property=\"og:site_name\" content=\"Aswak Drive Hay Riad Rabat\" \/>\n<meta property=\"article:modified_time\" content=\"2026-04-09T06:31:09+00:00\" \/>\n<meta property=\"og:image\" content=\"https:\/\/www.aswakdrive.com\/hayriadrabat\/wp-content\/uploads\/sites\/11\/2026\/04\/1408656.jpg\" \/>\n\t<meta property=\"og:image:width\" content=\"1200\" \/>\n\t<meta property=\"og:image:height\" content=\"1200\" \/>\n\t<meta property=\"og:image:type\" content=\"image\/jpeg\" \/>\n<meta name=\"twitter:card\" content=\"summary_large_image\" \/>\n<meta name=\"twitter:label1\" content=\"Prix\" \/>\n\t<meta name=\"twitter:data1\" content=\"999,00&nbsp;Dh\" \/>\n\t<meta name=\"twitter:label2\" content=\"Disponibilit\u00e9\" \/>\n\t<meta name=\"twitter:data2\" content=\"En stock\" \/>\n<script type=\"application\/ld+json\" class=\"yoast-schema-graph\">{\"@context\":\"https:\/\/schema.org\",\"@graph\":[{\"@type\":\"WebPage\",\"@id\":\"https:\/\/www.aswakdrive.com\/hayriadrabat\/produit\/machine-a-cafe-multi-capsules-pecn-504-krohler\/\",\"url\":\"https:\/\/www.aswakdrive.com\/hayriadrabat\/produit\/machine-a-cafe-multi-capsules-pecn-504-krohler\/\",\"name\":\"Machine \u00e0 caf\u00e9 krohler multi-capsule - Aswak Drive\",\"isPartOf\":{\"@id\":\"https:\/\/www.aswakdrive.com\/hayriadrabat\/#website\"},\"primaryImageOfPage\":{\"@id\":\"https:\/\/www.aswakdrive.com\/hayriadrabat\/produit\/machine-a-cafe-multi-capsules-pecn-504-krohler\/#primaryimage\"},\"image\":{\"@id\":\"https:\/\/www.aswakdrive.com\/hayriadrabat\/produit\/machine-a-cafe-multi-capsules-pecn-504-krohler\/#primaryimage\"},\"thumbnailUrl\":\"https:\/\/www.aswakdrive.com\/hayriadrabat\/wp-content\/uploads\/sites\/11\/2026\/04\/1408656.jpg\",\"datePublished\":\"2024-02-09T18:38:58+00:00\",\"dateModified\":\"2026-04-09T06:31:09+00:00\",\"description\":\"MACHINE A CAFE MULTI-CAPSULES PECN-504 KROHLER sur Aswak Drive, Faites vos achats en ligne et passez les r\u00e9cup\u00e9rer en moins d'une heure\",\"breadcrumb\":{\"@id\":\"https:\/\/www.aswakdrive.com\/hayriadrabat\/produit\/machine-a-cafe-multi-capsules-pecn-504-krohler\/#breadcrumb\"},\"inLanguage\":\"fr-FR\",\"potentialAction\":[{\"@type\":\"ReadAction\",\"target\":[\"https:\/\/www.aswakdrive.com\/hayriadrabat\/produit\/machine-a-cafe-multi-capsules-pecn-504-krohler\/\"]}]},{\"@type\":\"ImageObject\",\"inLanguage\":\"fr-FR\",\"@id\":\"https:\/\/www.aswakdrive.com\/hayriadrabat\/produit\/machine-a-cafe-multi-capsules-pecn-504-krohler\/#primaryimage\",\"url\":\"https:\/\/www.aswakdrive.com\/hayriadrabat\/wp-content\/uploads\/sites\/11\/2026\/04\/1408656.jpg\",\"contentUrl\":\"https:\/\/www.aswakdrive.com\/hayriadrabat\/wp-content\/uploads\/sites\/11\/2026\/04\/1408656.jpg\",\"width\":1200,\"height\":1200},{\"@type\":\"BreadcrumbList\",\"@id\":\"https:\/\/www.aswakdrive.com\/hayriadrabat\/produit\/machine-a-cafe-multi-capsules-pecn-504-krohler\/#breadcrumb\",\"itemListElement\":[{\"@type\":\"ListItem\",\"position\":1,\"name\":\"Home\",\"item\":\"https:\/\/www.aswakdrive.com\/hayriadrabat\/\"},{\"@type\":\"ListItem\",\"position\":2,\"name\":\"Nos rayons\",\"item\":\"https:\/\/www.aswakdrive.com\/hayriadrabat\/rayons\/\"},{\"@type\":\"ListItem\",\"position\":3,\"name\":\"MACHINE A CAFE MULTI-CAPSULES PECN-504 KROHLER\"}]},{\"@type\":\"WebSite\",\"@id\":\"https:\/\/www.aswakdrive.com\/hayriadrabat\/#website\",\"url\":\"https:\/\/www.aswakdrive.com\/hayriadrabat\/\",\"name\":\"Aswak Drive Hay Riad Rabat\",\"description\":\"Aswak Assalam Drive - Rabat Hay Riad\",\"publisher\":{\"@id\":\"https:\/\/www.aswakdrive.com\/hayriadrabat\/#organization\"},\"potentialAction\":[{\"@type\":\"SearchAction\",\"target\":{\"@type\":\"EntryPoint\",\"urlTemplate\":\"https:\/\/www.aswakdrive.com\/hayriadrabat\/?s={search_term_string}\"},\"query-input\":{\"@type\":\"PropertyValueSpecification\",\"valueRequired\":true,\"valueName\":\"search_term_string\"}}],\"inLanguage\":\"fr-FR\"},{\"@type\":\"Organization\",\"@id\":\"https:\/\/www.aswakdrive.com\/hayriadrabat\/#organization\",\"name\":\"Aswak Drive\",\"url\":\"https:\/\/www.aswakdrive.com\/hayriadrabat\/\",\"logo\":{\"@type\":\"ImageObject\",\"inLanguage\":\"fr-FR\",\"@id\":\"https:\/\/www.aswakdrive.com\/hayriadrabat\/#\/schema\/logo\/image\/\",\"url\":\"https:\/\/www.aswakdrive.com\/hayriadrabat\/wp-content\/uploads\/sites\/11\/2020\/06\/logo.png\",\"contentUrl\":\"https:\/\/www.aswakdrive.com\/hayriadrabat\/wp-content\/uploads\/sites\/11\/2020\/06\/logo.png\",\"width\":244,\"height\":158,\"caption\":\"Aswak Drive\"},\"image\":{\"@id\":\"https:\/\/www.aswakdrive.com\/hayriadrabat\/#\/schema\/logo\/image\/\"}}]}<\/script>\n<meta property=\"product:price:amount\" content=\"999.00\" \/>\n<meta property=\"product:price:currency\" content=\"MAD\" \/>\n<meta property=\"og:availability\" content=\"instock\" \/>\n<meta property=\"product:availability\" content=\"instock\" \/>\n<meta property=\"product:retailer_item_id\" content=\"1408656\" \/>\n<meta property=\"product:condition\" content=\"new\" \/>\n<!-- \/ Yoast SEO plugin. -->","yoast_head_json":{"title":"Machine \u00e0 caf\u00e9 krohler multi-capsule - Aswak Drive","description":"MACHINE A CAFE MULTI-CAPSULES PECN-504 KROHLER sur Aswak Drive, Faites vos achats en ligne et passez les r\u00e9cup\u00e9rer en moins d'une heure","robots":{"index":"index","follow":"follow","max-snippet":"max-snippet:-1","max-image-preview":"max-image-preview:large","max-video-preview":"max-video-preview:-1"},"canonical":"https:\/\/www.aswakdrive.com\/hayriadrabat\/produit\/machine-a-cafe-multi-capsules-pecn-504-krohler\/","og_locale":"fr_FR","og_type":"article","og_title":"Machine \u00e0 caf\u00e9 krohler multi-capsule - Aswak Drive","og_description":"MACHINE A CAFE MULTI-CAPSULES PECN-504 KROHLER sur Aswak Drive, Faites vos achats en ligne et passez les r\u00e9cup\u00e9rer en moins d'une heure","og_url":"https:\/\/www.aswakdrive.com\/hayriadrabat\/produit\/machine-a-cafe-multi-capsules-pecn-504-krohler\/","og_site_name":"Aswak Drive Hay Riad Rabat","article_modified_time":"2026-04-09T06:31:09+00:00","og_image":[{"width":1200,"height":1200,"url":"https:\/\/www.aswakdrive.com\/hayriadrabat\/wp-content\/uploads\/sites\/11\/2026\/04\/1408656.jpg","type":"image\/jpeg"}],"twitter_card":"summary_large_image","twitter_misc":{"Prix":"999,00&nbsp;Dh","Disponibilit\u00e9":"En stock"},"schema":{"@context":"https:\/\/schema.org","@graph":[{"@type":"WebPage","@id":"https:\/\/www.aswakdrive.com\/hayriadrabat\/produit\/machine-a-cafe-multi-capsules-pecn-504-krohler\/","url":"https:\/\/www.aswakdrive.com\/hayriadrabat\/produit\/machine-a-cafe-multi-capsules-pecn-504-krohler\/","name":"Machine \u00e0 caf\u00e9 krohler multi-capsule - Aswak Drive","isPartOf":{"@id":"https:\/\/www.aswakdrive.com\/hayriadrabat\/#website"},"primaryImageOfPage":{"@id":"https:\/\/www.aswakdrive.com\/hayriadrabat\/produit\/machine-a-cafe-multi-capsules-pecn-504-krohler\/#primaryimage"},"image":{"@id":"https:\/\/www.aswakdrive.com\/hayriadrabat\/produit\/machine-a-cafe-multi-capsules-pecn-504-krohler\/#primaryimage"},"thumbnailUrl":"https:\/\/www.aswakdrive.com\/hayriadrabat\/wp-content\/uploads\/sites\/11\/2026\/04\/1408656.jpg","datePublished":"2024-02-09T18:38:58+00:00","dateModified":"2026-04-09T06:31:09+00:00","description":"MACHINE A CAFE MULTI-CAPSULES PECN-504 KROHLER sur Aswak Drive, Faites vos achats en ligne et passez les r\u00e9cup\u00e9rer en moins d'une heure","breadcrumb":{"@id":"https:\/\/www.aswakdrive.com\/hayriadrabat\/produit\/machine-a-cafe-multi-capsules-pecn-504-krohler\/#breadcrumb"},"inLanguage":"fr-FR","potentialAction":[{"@type":"ReadAction","target":["https:\/\/www.aswakdrive.com\/hayriadrabat\/produit\/machine-a-cafe-multi-capsules-pecn-504-krohler\/"]}]},{"@type":"ImageObject","inLanguage":"fr-FR","@id":"https:\/\/www.aswakdrive.com\/hayriadrabat\/produit\/machine-a-cafe-multi-capsules-pecn-504-krohler\/#primaryimage","url":"https:\/\/www.aswakdrive.com\/hayriadrabat\/wp-content\/uploads\/sites\/11\/2026\/04\/1408656.jpg","contentUrl":"https:\/\/www.aswakdrive.com\/hayriadrabat\/wp-content\/uploads\/sites\/11\/2026\/04\/1408656.jpg","width":1200,"height":1200},{"@type":"BreadcrumbList","@id":"https:\/\/www.aswakdrive.com\/hayriadrabat\/produit\/machine-a-cafe-multi-capsules-pecn-504-krohler\/#breadcrumb","itemListElement":[{"@type":"ListItem","position":1,"name":"Home","item":"https:\/\/www.aswakdrive.com\/hayriadrabat\/"},{"@type":"ListItem","position":2,"name":"Nos rayons","item":"https:\/\/www.aswakdrive.com\/hayriadrabat\/rayons\/"},{"@type":"ListItem","position":3,"name":"MACHINE A CAFE MULTI-CAPSULES PECN-504 KROHLER"}]},{"@type":"WebSite","@id":"https:\/\/www.aswakdrive.com\/hayriadrabat\/#website","url":"https:\/\/www.aswakdrive.com\/hayriadrabat\/","name":"Aswak Drive Hay Riad Rabat","description":"Aswak Assalam Drive - Rabat Hay Riad","publisher":{"@id":"https:\/\/www.aswakdrive.com\/hayriadrabat\/#organization"},"potentialAction":[{"@type":"SearchAction","target":{"@type":"EntryPoint","urlTemplate":"https:\/\/www.aswakdrive.com\/hayriadrabat\/?s={search_term_string}"},"query-input":{"@type":"PropertyValueSpecification","valueRequired":true,"valueName":"search_term_string"}}],"inLanguage":"fr-FR"},{"@type":"Organization","@id":"https:\/\/www.aswakdrive.com\/hayriadrabat\/#organization","name":"Aswak Drive","url":"https:\/\/www.aswakdrive.com\/hayriadrabat\/","logo":{"@type":"ImageObject","inLanguage":"fr-FR","@id":"https:\/\/www.aswakdrive.com\/hayriadrabat\/#\/schema\/logo\/image\/","url":"https:\/\/www.aswakdrive.com\/hayriadrabat\/wp-content\/uploads\/sites\/11\/2020\/06\/logo.png","contentUrl":"https:\/\/www.aswakdrive.com\/hayriadrabat\/wp-content\/uploads\/sites\/11\/2020\/06\/logo.png","width":244,"height":158,"caption":"Aswak Drive"},"image":{"@id":"https:\/\/www.aswakdrive.com\/hayriadrabat\/#\/schema\/logo\/image\/"}}]},"product_price_amount":"999.00","product_price_currency":"MAD","og_availability":"instock","product_availability":"instock","product_retailer_item_id":"1408656","product_condition":"new"},"_links":{"self":[{"href":"https:\/\/www.aswakdrive.com\/hayriadrabat\/wp-json\/wp\/v2\/product\/2936185","targetHints":{"allow":["GET"]}}],"collection":[{"href":"https:\/\/www.aswakdrive.com\/hayriadrabat\/wp-json\/wp\/v2\/product"}],"about":[{"href":"https:\/\/www.aswakdrive.com\/hayriadrabat\/wp-json\/wp\/v2\/types\/product"}],"replies":[{"embeddable":true,"href":"https:\/\/www.aswakdrive.com\/hayriadrabat\/wp-json\/wp\/v2\/comments?post=2936185"}],"wp:featuredmedia":[{"embeddable":true,"href":"https:\/\/www.aswakdrive.com\/hayriadrabat\/wp-json\/wp\/v2\/media\/4697599"}],"wp:attachment":[{"href":"https:\/\/www.aswakdrive.com\/hayriadrabat\/wp-json\/wp\/v2\/media?parent=2936185"}],"wp:term":[{"taxonomy":"product_brand","embeddable":true,"href":"https:\/\/www.aswakdrive.com\/hayriadrabat\/wp-json\/wp\/v2\/product_brand?post=2936185"},{"taxonomy":"product_cat","embeddable":true,"href":"https:\/\/www.aswakdrive.com\/hayriadrabat\/wp-json\/wp\/v2\/product_cat?post=2936185"},{"taxonomy":"product_tag","embeddable":true,"href":"https:\/\/www.aswakdrive.com\/hayriadrabat\/wp-json\/wp\/v2\/product_tag?post=2936185"}],"curies":[{"name":"wp","href":"https:\/\/api.w.org\/{rel}","templated":true}]}}