{"id":31463,"date":"2020-01-09T15:10:07","date_gmt":"2020-01-09T15:10:07","guid":{"rendered":"https:\/\/drive.aswakassalam.com\/panoramique\/?page_id=31463"},"modified":"2020-01-28T14:22:04","modified_gmt":"2020-01-28T14:22:04","slug":"senregistrer","status":"publish","type":"page","link":"https:\/\/www.aswakdrive.com\/hayriadrabat\/senregistrer\/","title":{"rendered":"S&#8217;enregistrer"},"content":{"rendered":"<h2 style=\"text-align: center;\">Cr\u00e9er un compte<\/h2>\n\n\n<form method=\"post\" class=\"woocommerce-form woocommerce-form-register register\"\n      >\n\n\n    \n\n\n    \n\n    <p class=\"woocommerce-form-row woocommerce-form-row--wide form-row form-row-wide\">\n\n        <label for=\"reg_email\">Adresse e-mail\u00a0<span\n                  class=\"required\">*<\/span><\/label>\n\n        <input type=\"email\" class=\"woocommerce-Input woocommerce-Input--text input-text\" name=\"email\" id=\"reg_email\"\n               autocomplete=\"email\" required=\"\"\n               value=\"\" \/>\n    <\/p>\n\n\n    \n\n    <p class=\"woocommerce-form-row woocommerce-form-row--wide form-row form-row-wide\">\n\n        <label for=\"reg_password\">Mot de passe\u00a0<span\n                  class=\"required\">*<\/span><\/label>\n\n        <input type=\"password\" class=\"woocommerce-Input woocommerce-Input--text input-text\" name=\"password\"\n               id=\"reg_password\" required=\"\" autocomplete=\"new-password\" \/>\n\n    <\/p>\n\n\n    \n\n\n    <wc-order-attribution-inputs><\/wc-order-attribution-inputs><div class=\"woocommerce-privacy-policy-text\"><p>Vos donn\u00e9es personnelles seront utilis\u00e9es pour vous accompagner au cours de votre visite du site web, g\u00e9rer l\u2019acc\u00e8s \u00e0 votre compte, et pour d\u2019autres raisons d\u00e9crites dans notre <a href=\"https:\/\/www.aswakdrive.com\/hayriadrabat\/?page_id=3\" class=\"woocommerce-privacy-policy-link\" target=\"_blank\">politique de confidentialit\u00e9<\/a>.<\/p>\n<\/div>\n\n    <p class=\"woocommerce-FormRow form-row\">\n\n        <input type=\"hidden\" id=\"woocommerce-register-nonce\" name=\"woocommerce-register-nonce\" value=\"fcf731bb55\" \/><input type=\"hidden\" name=\"_wp_http_referer\" value=\"\/hayriadrabat\/wp-json\/wp\/v2\/pages\/31463\" \/>\n        <button type=\"submit\" class=\"woocommerce-Button button\" name=\"register\"\n                value=\"S\u2019inscrire\">S\u2019inscrire<\/button>\n\n    <\/p>\n\n\n    \n\n<\/form>\n\n\n\n","protected":false},"excerpt":{"rendered":"<p>Cr\u00e9er un compte<\/p>\n","protected":false},"author":1,"featured_media":0,"parent":0,"menu_order":0,"comment_status":"closed","ping_status":"closed","template":"page-simple.php","meta":{"footnotes":""},"class_list":["post-31463","page","type-page","status-publish","hentry"],"yoast_head":"<!-- This site is optimized with the Yoast SEO plugin v26.4 - https:\/\/yoast.com\/wordpress\/plugins\/seo\/ -->\n<title>S&#039;enregistrer - Aswak Drive Hay Riad Rabat<\/title>\n<meta name=\"robots\" content=\"index, follow, max-snippet:-1, max-image-preview:large, max-video-preview:-1\" \/>\n<link rel=\"canonical\" href=\"https:\/\/www.aswakdrive.com\/hayriadrabat\/senregistrer\/\" \/>\n<meta property=\"og:locale\" content=\"fr_FR\" \/>\n<meta property=\"og:type\" content=\"article\" \/>\n<meta property=\"og:title\" content=\"S&#039;enregistrer - Aswak Drive Hay Riad Rabat\" \/>\n<meta property=\"og:description\" content=\"Cr\u00e9er un compte\" \/>\n<meta property=\"og:url\" content=\"https:\/\/www.aswakdrive.com\/hayriadrabat\/senregistrer\/\" \/>\n<meta property=\"og:site_name\" content=\"Aswak Drive Hay Riad Rabat\" \/>\n<meta property=\"article:modified_time\" content=\"2020-01-28T14:22:04+00:00\" \/>\n<meta name=\"twitter:card\" content=\"summary_large_image\" \/>\n<script type=\"application\/ld+json\" class=\"yoast-schema-graph\">{\"@context\":\"https:\/\/schema.org\",\"@graph\":[{\"@type\":\"WebPage\",\"@id\":\"https:\/\/www.aswakdrive.com\/hayriadrabat\/senregistrer\/\",\"url\":\"https:\/\/www.aswakdrive.com\/hayriadrabat\/senregistrer\/\",\"name\":\"S'enregistrer - Aswak Drive Hay Riad Rabat\",\"isPartOf\":{\"@id\":\"https:\/\/www.aswakdrive.com\/hayriadrabat\/#website\"},\"datePublished\":\"2020-01-09T15:10:07+00:00\",\"dateModified\":\"2020-01-28T14:22:04+00:00\",\"breadcrumb\":{\"@id\":\"https:\/\/www.aswakdrive.com\/hayriadrabat\/senregistrer\/#breadcrumb\"},\"inLanguage\":\"fr-FR\",\"potentialAction\":[{\"@type\":\"ReadAction\",\"target\":[\"https:\/\/www.aswakdrive.com\/hayriadrabat\/senregistrer\/\"]}]},{\"@type\":\"BreadcrumbList\",\"@id\":\"https:\/\/www.aswakdrive.com\/hayriadrabat\/senregistrer\/#breadcrumb\",\"itemListElement\":[{\"@type\":\"ListItem\",\"position\":1,\"name\":\"Home\",\"item\":\"https:\/\/www.aswakdrive.com\/hayriadrabat\/\"},{\"@type\":\"ListItem\",\"position\":2,\"name\":\"S&#8217;enregistrer\"}]},{\"@type\":\"WebSite\",\"@id\":\"https:\/\/www.aswakdrive.com\/hayriadrabat\/#website\",\"url\":\"https:\/\/www.aswakdrive.com\/hayriadrabat\/\",\"name\":\"Aswak Drive Hay Riad Rabat\",\"description\":\"Aswak Assalam Drive - Rabat Hay Riad\",\"publisher\":{\"@id\":\"https:\/\/www.aswakdrive.com\/hayriadrabat\/#organization\"},\"potentialAction\":[{\"@type\":\"SearchAction\",\"target\":{\"@type\":\"EntryPoint\",\"urlTemplate\":\"https:\/\/www.aswakdrive.com\/hayriadrabat\/?s={search_term_string}\"},\"query-input\":{\"@type\":\"PropertyValueSpecification\",\"valueRequired\":true,\"valueName\":\"search_term_string\"}}],\"inLanguage\":\"fr-FR\"},{\"@type\":\"Organization\",\"@id\":\"https:\/\/www.aswakdrive.com\/hayriadrabat\/#organization\",\"name\":\"Aswak Drive\",\"url\":\"https:\/\/www.aswakdrive.com\/hayriadrabat\/\",\"logo\":{\"@type\":\"ImageObject\",\"inLanguage\":\"fr-FR\",\"@id\":\"https:\/\/www.aswakdrive.com\/hayriadrabat\/#\/schema\/logo\/image\/\",\"url\":\"https:\/\/www.aswakdrive.com\/hayriadrabat\/wp-content\/uploads\/sites\/11\/2020\/06\/logo.png\",\"contentUrl\":\"https:\/\/www.aswakdrive.com\/hayriadrabat\/wp-content\/uploads\/sites\/11\/2020\/06\/logo.png\",\"width\":244,\"height\":158,\"caption\":\"Aswak Drive\"},\"image\":{\"@id\":\"https:\/\/www.aswakdrive.com\/hayriadrabat\/#\/schema\/logo\/image\/\"}}]}<\/script>\n<!-- \/ Yoast SEO plugin. -->","yoast_head_json":{"title":"S'enregistrer - Aswak Drive Hay Riad Rabat","robots":{"index":"index","follow":"follow","max-snippet":"max-snippet:-1","max-image-preview":"max-image-preview:large","max-video-preview":"max-video-preview:-1"},"canonical":"https:\/\/www.aswakdrive.com\/hayriadrabat\/senregistrer\/","og_locale":"fr_FR","og_type":"article","og_title":"S'enregistrer - Aswak Drive Hay Riad Rabat","og_description":"Cr\u00e9er un compte","og_url":"https:\/\/www.aswakdrive.com\/hayriadrabat\/senregistrer\/","og_site_name":"Aswak Drive Hay Riad Rabat","article_modified_time":"2020-01-28T14:22:04+00:00","twitter_card":"summary_large_image","schema":{"@context":"https:\/\/schema.org","@graph":[{"@type":"WebPage","@id":"https:\/\/www.aswakdrive.com\/hayriadrabat\/senregistrer\/","url":"https:\/\/www.aswakdrive.com\/hayriadrabat\/senregistrer\/","name":"S'enregistrer - Aswak Drive Hay Riad Rabat","isPartOf":{"@id":"https:\/\/www.aswakdrive.com\/hayriadrabat\/#website"},"datePublished":"2020-01-09T15:10:07+00:00","dateModified":"2020-01-28T14:22:04+00:00","breadcrumb":{"@id":"https:\/\/www.aswakdrive.com\/hayriadrabat\/senregistrer\/#breadcrumb"},"inLanguage":"fr-FR","potentialAction":[{"@type":"ReadAction","target":["https:\/\/www.aswakdrive.com\/hayriadrabat\/senregistrer\/"]}]},{"@type":"BreadcrumbList","@id":"https:\/\/www.aswakdrive.com\/hayriadrabat\/senregistrer\/#breadcrumb","itemListElement":[{"@type":"ListItem","position":1,"name":"Home","item":"https:\/\/www.aswakdrive.com\/hayriadrabat\/"},{"@type":"ListItem","position":2,"name":"S&#8217;enregistrer"}]},{"@type":"WebSite","@id":"https:\/\/www.aswakdrive.com\/hayriadrabat\/#website","url":"https:\/\/www.aswakdrive.com\/hayriadrabat\/","name":"Aswak Drive Hay Riad Rabat","description":"Aswak Assalam Drive - Rabat Hay Riad","publisher":{"@id":"https:\/\/www.aswakdrive.com\/hayriadrabat\/#organization"},"potentialAction":[{"@type":"SearchAction","target":{"@type":"EntryPoint","urlTemplate":"https:\/\/www.aswakdrive.com\/hayriadrabat\/?s={search_term_string}"},"query-input":{"@type":"PropertyValueSpecification","valueRequired":true,"valueName":"search_term_string"}}],"inLanguage":"fr-FR"},{"@type":"Organization","@id":"https:\/\/www.aswakdrive.com\/hayriadrabat\/#organization","name":"Aswak Drive","url":"https:\/\/www.aswakdrive.com\/hayriadrabat\/","logo":{"@type":"ImageObject","inLanguage":"fr-FR","@id":"https:\/\/www.aswakdrive.com\/hayriadrabat\/#\/schema\/logo\/image\/","url":"https:\/\/www.aswakdrive.com\/hayriadrabat\/wp-content\/uploads\/sites\/11\/2020\/06\/logo.png","contentUrl":"https:\/\/www.aswakdrive.com\/hayriadrabat\/wp-content\/uploads\/sites\/11\/2020\/06\/logo.png","width":244,"height":158,"caption":"Aswak Drive"},"image":{"@id":"https:\/\/www.aswakdrive.com\/hayriadrabat\/#\/schema\/logo\/image\/"}}]}},"_links":{"self":[{"href":"https:\/\/www.aswakdrive.com\/hayriadrabat\/wp-json\/wp\/v2\/pages\/31463","targetHints":{"allow":["GET"]}}],"collection":[{"href":"https:\/\/www.aswakdrive.com\/hayriadrabat\/wp-json\/wp\/v2\/pages"}],"about":[{"href":"https:\/\/www.aswakdrive.com\/hayriadrabat\/wp-json\/wp\/v2\/types\/page"}],"author":[{"embeddable":true,"href":"https:\/\/www.aswakdrive.com\/hayriadrabat\/wp-json\/wp\/v2\/users\/1"}],"replies":[{"embeddable":true,"href":"https:\/\/www.aswakdrive.com\/hayriadrabat\/wp-json\/wp\/v2\/comments?post=31463"}],"version-history":[{"count":0,"href":"https:\/\/www.aswakdrive.com\/hayriadrabat\/wp-json\/wp\/v2\/pages\/31463\/revisions"}],"wp:attachment":[{"href":"https:\/\/www.aswakdrive.com\/hayriadrabat\/wp-json\/wp\/v2\/media?parent=31463"}],"curies":[{"name":"wp","href":"https:\/\/api.w.org\/{rel}","templated":true}]}}